{"id":49,"date":"2023-10-13T17:57:07","date_gmt":"2023-10-13T15:57:07","guid":{"rendered":"https:\/\/apcoruna.com\/?page_id=49"},"modified":"2023-11-07T12:55:21","modified_gmt":"2023-11-07T11:55:21","slug":"historia","status":"publish","type":"page","link":"https:\/\/apcoruna.com\/en\/historia\/","title":{"rendered":"Historia"},"content":{"rendered":"<p>[et_pb_section fb_built=\u00bb1&#8243; admin_label=\u00bbCabecera\u00bb _builder_version=\u00bb4.22.1&#8243; _module_preset=\u00bbdefault\u00bb background_image=\u00bbhttps:\/\/apcoruna.com\/wp-content\/uploads\/2023\/11\/home-cabecera-asociacion-cartel-calle.jpg\u00bb background_position=\u00bbtop_center\u00bb height=\u00bb482px\u00bb height_tablet=\u00bb383px\u00bb height_phone=\u00bb393px\u00bb height_last_edited=\u00bbon|phone\u00bb custom_padding=\u00bb0px||0px||true|false\u00bb hover_enabled=\u00bb0&#8243; background_last_edited=\u00bbon|phone\u00bb background_size_tablet=\u00bbcontain\u00bb background_size_phone=\u00bbcontain\u00bb background_position_tablet=\u00bbtop_center\u00bb background_position_phone=\u00bbtop_center\u00bb global_colors_info=\u00bb{}\u00bb title_text=\u00bbhome-cabecera-asociacion-cartel-calle\u00bb sticky_enabled=\u00bb0&#8243;][et_pb_row column_structure=\u00bb1_4,1_4,1_4,1_4&#8243; use_custom_gutter=\u00bbon\u00bb gutter_width=\u00bb1&#8243; make_equal=\u00bbon\u00bb custom_padding_last_edited=\u00bbon|desktop\u00bb admin_label=\u00bbMen\u00fa iconos\u00bb _builder_version=\u00bb4.22.1&#8243; _module_preset=\u00bbdefault\u00bb background_color=\u00bb#FFFFFF\u00bb positioning=\u00bbabsolute\u00bb position_origin_a=\u00bbbottom_left\u00bb vertical_offset_tablet=\u00bb\u00bb vertical_offset_phone=\u00bb0px\u00bb vertical_offset_last_edited=\u00bbon|tablet\u00bb position_origin_a_tablet=\u00bb\u00bb position_origin_a_phone=\u00bb\u00bb position_origin_a_last_edited=\u00bbon|tablet\u00bb position_origin_f_tablet=\u00bbbottom_left\u00bb position_origin_f_phone=\u00bbtop_left\u00bb position_origin_f_last_edited=\u00bbon|tablet\u00bb position_origin_r_tablet=\u00bb\u00bb position_origin_r_phone=\u00bb\u00bb position_origin_r_last_edited=\u00bbon|desktop\u00bb width=\u00bb75%\u00bb width_tablet=\u00bb100%\u00bb width_phone=\u00bb100%\u00bb width_last_edited=\u00bbon|tablet\u00bb custom_margin=\u00bb||||false|false\u00bb custom_padding=\u00bb20px|0px|10px|6%|false|false\u00bb custom_padding_tablet=\u00bb20px|0px|10px|6%|false|false\u00bb custom_padding_phone=\u00bb20px|0px|10px|6%|false|false\u00bb positioning_tablet=\u00bbabsolute\u00bb positioning_phone=\u00bbabsolute\u00bb positioning_last_edited=\u00bbon|phone\u00bb global_module=\u00bb253&#8243; saved_tabs=\u00bball\u00bb global_colors_info=\u00bb{}\u00bb][et_pb_column type=\u00bb1_4&#8243; _builder_version=\u00bb4.22.1&#8243; _module_preset=\u00bbdefault\u00bb global_colors_info=\u00bb{}\u00bb][et_pb_blurb title=\u00bbc\u00f3mo\u2028Asociarse\u00bb url=\u00bb@ET-DC@eyJkeW5hbWljIjp0cnVlLCJjb250ZW50IjoicG9zdF9saW5rX3VybF9wYWdlIiwic2V0dGluZ3MiOnsicG9zdF9pZCI6IjY3In19@\u00bb image=\u00bbhttps:\/\/apcoruna.com\/wp-content\/uploads\/2023\/10\/ico-como-asociarse.svg\u00bb icon_placement=\u00bbleft\u00bb _builder_version=\u00bb4.22.1&#8243; _dynamic_attributes=\u00bburl\u00bb _module_preset=\u00bbdefault\u00bb header_level=\u00bbh6&#8243; image_icon_custom_margin=\u00bb|40px|||false|false\u00bb image_icon_custom_padding=\u00bb||||false|false\u00bb custom_margin=\u00bb||||false|false\u00bb custom_padding=\u00bb||20px||false|false\u00bb global_colors_info=\u00bb{}\u00bb][\/et_pb_blurb][\/et_pb_column][et_pb_column type=\u00bb1_4&#8243; _builder_version=\u00bb4.22.1&#8243; _module_preset=\u00bbdefault\u00bb global_colors_info=\u00bb{}\u00bb][et_pb_blurb title=\u00bbPublicaciones\u00bb url=\u00bb@ET-DC@eyJkeW5hbWljIjp0cnVlLCJjb250ZW50IjoicG9zdF9saW5rX3VybF9wYWdlIiwic2V0dGluZ3MiOnsicG9zdF9pZCI6IjcxIn19@\u00bb image=\u00bbhttps:\/\/apcoruna.com\/wp-content\/uploads\/2023\/10\/ico-publicaciones.svg\u00bb icon_placement=\u00bbleft\u00bb _builder_version=\u00bb4.22.1&#8243; _dynamic_attributes=\u00bburl\u00bb _module_preset=\u00bbdefault\u00bb header_level=\u00bbh6&#8243; image_icon_custom_margin=\u00bb|40px|||false|false\u00bb image_icon_custom_padding=\u00bb||||false|false\u00bb custom_margin=\u00bb||||false|false\u00bb custom_padding=\u00bb||20px||false|false\u00bb global_colors_info=\u00bb{}\u00bb][\/et_pb_blurb][\/et_pb_column][et_pb_column type=\u00bb1_4&#8243; _builder_version=\u00bb4.22.1&#8243; _module_preset=\u00bbdefault\u00bb global_colors_info=\u00bb{}\u00bb][et_pb_blurb title=\u00bbBiblioteca virtual\u00bb url=\u00bb@ET-DC@eyJkeW5hbWljIjp0cnVlLCJjb250ZW50IjoicG9zdF9saW5rX3VybF9wYWdlIiwic2V0dGluZ3MiOnsicG9zdF9pZCI6IjY5In19@\u00bb image=\u00bbhttps:\/\/apcoruna.com\/wp-content\/uploads\/2023\/10\/ico-biblioteca-virtual.svg\u00bb icon_placement=\u00bbleft\u00bb _builder_version=\u00bb4.22.1&#8243; _dynamic_attributes=\u00bburl\u00bb _module_preset=\u00bbdefault\u00bb header_level=\u00bbh6&#8243; image_icon_custom_margin=\u00bb|40px|||false|false\u00bb image_icon_custom_padding=\u00bb||||false|false\u00bb custom_margin=\u00bb||||false|false\u00bb custom_padding=\u00bb||20px||false|false\u00bb global_colors_info=\u00bb{}\u00bb][\/et_pb_blurb][\/et_pb_column][et_pb_column type=\u00bb1_4&#8243; _builder_version=\u00bb4.22.1&#8243; _module_preset=\u00bbdefault\u00bb global_colors_info=\u00bb{}\u00bb][et_pb_blurb title=\u00bbContacto\u00bb url=\u00bb@ET-DC@eyJkeW5hbWljIjp0cnVlLCJjb250ZW50IjoicG9zdF9saW5rX3VybF9wYWdlIiwic2V0dGluZ3MiOnsicG9zdF9pZCI6IjczIn19@\u00bb image=\u00bbhttps:\/\/apcoruna.com\/wp-content\/uploads\/2023\/10\/ico-contacto.svg\u00bb icon_placement=\u00bbleft\u00bb _builder_version=\u00bb4.22.1&#8243; _dynamic_attributes=\u00bburl\u00bb _module_preset=\u00bbdefault\u00bb header_level=\u00bbh6&#8243; image_icon_custom_margin=\u00bb|40px|||false|false\u00bb image_icon_custom_padding=\u00bb||||false|false\u00bb custom_margin=\u00bb||||false|false\u00bb custom_padding=\u00bb||20px||false|false\u00bb global_colors_info=\u00bb{}\u00bb][\/et_pb_blurb][\/et_pb_column][\/et_pb_row][\/et_pb_section][et_pb_section fb_built=\u00bb1&#8243; _builder_version=\u00bb4.22.1&#8243; _module_preset=\u00bbdefault\u00bb custom_padding=\u00bb30px||||false|false\u00bb global_colors_info=\u00bb{}\u00bb][et_pb_row column_structure=\u00bb2_3,1_3&#8243; _builder_version=\u00bb4.22.1&#8243; _module_preset=\u00bbdefault\u00bb width=\u00bb95%\u00bb locked=\u00bboff\u00bb global_colors_info=\u00bb{}\u00bb][et_pb_column type=\u00bb2_3&#8243; _builder_version=\u00bb4.22.1&#8243; _module_preset=\u00bbdefault\u00bb global_colors_info=\u00bb{}\u00bb][et_pb_text _builder_version=\u00bb4.22.1&#8243; _dynamic_attributes=\u00bbcontent\u00bb _module_preset=\u00bbdefault\u00bb global_colors_info=\u00bb{}\u00bb]@ET-DC@eyJkeW5hbWljIjp0cnVlLCJjb250ZW50IjoicG9zdF90aXRsZSIsInNldHRpbmdzIjp7ImJlZm9yZSI6IjxoMj4iLCJhZnRlciI6IjwvaDI+In19@[\/et_pb_text][et_pb_text _builder_version=\u00bb4.22.1&#8243; _module_preset=\u00bbdefault\u00bb global_colors_info=\u00bb{}\u00bb]<\/p>\n<p><strong>La Asociaci\u00f3n de la Prensa de La Coru\u00f1a fue creada el 5 de diciembre de 1904 por un grupo de destacados periodistas e intelectuales coru\u00f1eses. Es una de las m\u00e1s veteranas de Espa\u00f1a y la m\u00e1s antigua de Galicia.<\/strong><\/p>\n<p>La comisi\u00f3n ejecutiva encargada de efectuar las gestiones necesarias para su creaci\u00f3n y de elaborar los Estatutos estaba formada por cinco periodistas y escritores de prestigio: Urbano Gonz\u00e1lez Varela, Wenceslao Fern\u00e1ndez Fl\u00f3rez, Robustiano Faginas \u00c1lvarez, Alfredo Tella Comas y Juan Tejada Velasco.<\/p>\n<p>De la redacci\u00f3n del Reglamento se encargaron Jos\u00e9 Mar\u00eda Gonz\u00e1lez Gonz\u00e1lez, Alejandro Barreiro y Francisco Rodr\u00edguez Pereira. En aquel tiempo, la ciudad contaba con tres diarios: La Voz de Galicia, El Noroeste y El Eco de Galicia.<\/p>\n<p>La asamblea general en la que se constituir\u00eda la sociedad se celebr\u00f3 en los salones de la Reuni\u00f3n Recreativa e Instructiva de Artesanos de A Coru\u00f1a. Participaron m\u00e1s de cuarenta profesionales de la comunicaci\u00f3n, aunque ya se hab\u00edan inscrito noventa. Todos ellos fueron considerados socios fundadores. Entre ellos hab\u00eda nombres muy ilustres en el campo del periodismo, de las artes y de la literatura. Muchos de esos socios trabajaban ya en la gestaci\u00f3n de la Real Academia Galega (1905), y hubo varios que llegaron a ocupar altos cargos directivos. Destacan Urbano Gonz\u00e1lez Varela, Wenceslao Fern\u00e1ndez Fl\u00f3rez, Andr\u00e9s Mart\u00ednez Salazar, Robustiano Faginas \u00c1lvarez, Manuel Lugr\u00eds Freire, Galo Salinas Rodr\u00edguez, Francisco Tettamancy Gast\u00f3n, Eugenio Carr\u00e9 Aldao, Manuel Cas\u00e1s Fern\u00e1ndez y Eladio Rodr\u00edguez Gonz\u00e1lez.<\/p>\n<p>A lo largo de su historia, la Asociaci\u00f3n llev\u00f3 a cabo m\u00faltiples actividades propias de su naturaleza y tambi\u00e9n otras con fines ben\u00e9ficos, como fueron la organizaci\u00f3n de corridas de toros o los bailes de disfraces, que duraron hasta el s\u00e9ptimo decenio del siglo pasado.<\/p>\n<p>Parte esencial de los fines de APC ha sido la asistencia m\u00e9dica a sus afiliados, que llev\u00f3 en los a\u00f1os 60 a la firma de un importante convenio con una aseguradora, y el asesoramiento jur\u00eddico gratuito en cuestiones profesionales y laborales.<\/p>\n<p>Otras actividades destacadas han sido -y lo siguen siendo- la celebraci\u00f3n de conferencias y convenciones (como la Asamblea Nacional de Asociaciones de la Prensa de 1948, o la I Conferencia de Presidentes de la FAPE en 2005), mesas redondas, exposiciones de fotograf\u00eda y pintura, el Premio P\u00e9rez Lug\u00edn de Periodismo, presentaciones de libros, etc.<\/p>\n<p>En mayo de 2004, la celebraci\u00f3n de elecciones dio entrada en la directiva a un grupo de j\u00f3venes periodistas. La organizaci\u00f3n del Centenario fue su primer gran reto, junto con la necesidad apremiante de incrementar la lista de asociados y hacer que la actividad social y cultural de esta entidad se presuma de nuevo muy alentadora en los pr\u00f3ximos a\u00f1os.<\/p>\n<p>[\/et_pb_text][et_pb_text _builder_version=\u00bb4.22.1&#8243; _module_preset=\u00bbdefault\u00bb locked=\u00bboff\u00bb global_colors_info=\u00bb{}\u00bb]<\/p>\n<h5>Centenario 1904-2004<\/h5>\n<p><strong>Con la llegada del Centenario de la Asociaci\u00f3n de la Prensa de La Coru\u00f1a, un ambicioso programa de actos fue preparado por la actual Directiva para darle a la efem\u00e9ride la dimensi\u00f3n y la categor\u00eda que la APC se merece.<\/strong><\/p>\n<p>Los Pr\u00edncipes de Asturias, Don Felipe y Do\u00f1a Letizia, aceptaron la Presidencia de Honor de todos los actos del Centenario y el programa se inici\u00f3 con un exitoso concierto de la Orquestra de C\u00e1mara Galega en la Orden Tercera. El Ayuntamiento de A Coru\u00f1a concedi\u00f3 a la asociaci\u00f3n la Medalla de Oro de la Ciudad y dio a una calle el nombre de Asociaci\u00f3n de la Prensa.<\/p>\n<p>A lo largo de 2005 y hasta el 4 de diciembre, fecha final de los actos del Centenario, se han celebrado mesas redondas con participaci\u00f3n de destacados periodistas; conferencias de ilustres maestros del periodismo y la comunicaci\u00f3n; se fall\u00f3 el premio P\u00e9rez Lug\u00edn de periodismo, dotado excepcionalmente en 2004 con seis mil euros y, por primera vez, con un diploma y con estatuilla de Julia Ares; se celebr\u00f3 la I Conferencia de la FAPE (Federaci\u00f3n de Asociaciones de la Prensa de Espa\u00f1a) en A Coru\u00f1a, en homenaje a la APC; hubo tambi\u00e9n homenajes en A Coru\u00f1a y Cecebre a Wenceslado Fern\u00e1ndez Fl\u00f3rez, socio fundador y uno de los principales defensores de la APC, y se nombraron dos nuevos socios de honor, Francisco V\u00e1zquez, alcalde de A Coru\u00f1a, y Santiago Rey Fern\u00e1ndez-Latorre, presidente de La Voz de Galicia. Asimismo se distingui\u00f3 con una placa a D. Jos\u00e9 Freire V\u00e1zquez, ex presidente de la CEC, por sus art\u00edculos sobre naturaleza y econom\u00eda publicados durante varios a\u00f1os en El Ideal Gallego y en La Voz de Galicia.<\/p>\n<p>Otras acciones fueron la creaci\u00f3n del premio anual de fotoperiodismo Juan Cancelo-Fundaci\u00f3n Caixa Galicia; la publicaci\u00f3n en edici\u00f3n facs\u00edmil del primer Libro de Actas de la sociedad, de los a\u00f1os 1904 a 1911, y la modernizaci\u00f3n del logotipo, sin alteraciones en su -tambi\u00e9n hist\u00f3rica- raz\u00f3n social. En el terreno administrativo la APC introdujo la inform\u00e1tica en su gesti\u00f3n diaria, actualiz\u00f3 el inventario de su patrimonio art\u00edstico, cambi\u00f3 los Estatutos para adaptarlos a la nueva ley e increment\u00f3 considerablemente su biblioteca con una muy generosa donaci\u00f3n de libros de la editorial de La Voz de Galicia y de la Fundaci\u00f3n Barri\u00e9 de la Maza.<\/p>\n<p>Con la celebraci\u00f3n de la muestra 100 a\u00f1os de Periodismo Coru\u00f1\u00e9s, en homenaje a los fundadores de la Asociaci\u00f3n de la Prensa y a todos cuantos la han protegido y conservado a lo largo de una centuria, se cerraron los actos del Centenario y se abri\u00f3 una nueva etapa en la entidad que promete ser espl\u00e9ndida.<\/p>\n<p>[\/et_pb_text][et_pb_divider color=\u00bb#7199BF\u00bb divider_weight=\u00bb4px\u00bb _builder_version=\u00bb4.22.1&#8243; _module_preset=\u00bbdefault\u00bb custom_padding=\u00bb30px||10px||false|false\u00bb global_colors_info=\u00bb{}\u00bb][\/et_pb_divider][et_pb_gallery gallery_ids=\u00bb156,155,154,153&#8243; show_title_and_caption=\u00bboff\u00bb show_pagination=\u00bboff\u00bb _builder_version=\u00bb4.22.1&#8243; _module_preset=\u00bbdefault\u00bb global_colors_info=\u00bb{}\u00bb][\/et_pb_gallery][\/et_pb_column][et_pb_column type=\u00bb1_3&#8243; _builder_version=\u00bb4.22.1&#8243; _module_preset=\u00bbdefault\u00bb custom_padding=\u00bb90px||||false|false\u00bb global_colors_info=\u00bb{}\u00bb][et_pb_blurb title=\u00bbPatrimonio\u00bb url=\u00bb@ET-DC@eyJkeW5hbWljIjp0cnVlLCJjb250ZW50IjoicG9zdF9saW5rX3VybF9wYWdlIiwic2V0dGluZ3MiOnsicG9zdF9pZCI6IjUyIn19@\u00bb use_icon=\u00bbon\u00bb font_icon=\u00bb&#xf66f;||fa||900&#8243; icon_color=\u00bb#FFFFFF\u00bb icon_placement=\u00bbleft\u00bb image_icon_width=\u00bb170%\u00bb _builder_version=\u00bb4.22.1&#8243; _dynamic_attributes=\u00bburl\u00bb _module_preset=\u00bbdefault\u00bb body_font=\u00bb|300|||||||\u00bb background_color=\u00bb#1C5BA2&#8243; image_icon_custom_margin=\u00bb||||false|false\u00bb image_icon_custom_padding=\u00bb5px||||false|false\u00bb background_layout=\u00bbdark\u00bb custom_margin=\u00bb||10px||false|false\u00bb custom_padding=\u00bb20px|30px|20px|30px|true|true\u00bb global_colors_info=\u00bb{}\u00bb][\/et_pb_blurb][et_pb_blurb title=\u00bbEstatutos\u00bb url=\u00bb@ET-DC@eyJkeW5hbWljIjp0cnVlLCJjb250ZW50IjoicG9zdF9saW5rX3VybF9wYWdlIiwic2V0dGluZ3MiOnsicG9zdF9pZCI6IjU2In19@\u00bb use_icon=\u00bbon\u00bb font_icon=\u00bb&#xf0ca;||fa||900&#8243; icon_color=\u00bb#FFFFFF\u00bb icon_placement=\u00bbleft\u00bb image_icon_width=\u00bb170%\u00bb _builder_version=\u00bb4.22.1&#8243; _dynamic_attributes=\u00bburl\u00bb _module_preset=\u00bbdefault\u00bb body_font=\u00bb|300|||||||\u00bb background_color=\u00bb#1C5BA2&#8243; image_icon_custom_margin=\u00bb||||false|false\u00bb image_icon_custom_padding=\u00bb5px||||false|false\u00bb background_layout=\u00bbdark\u00bb custom_margin=\u00bb||10px||false|false\u00bb custom_padding=\u00bb20px|30px|20px|30px|true|true\u00bb global_colors_info=\u00bb{}\u00bb][\/et_pb_blurb][et_pb_blurb title=\u00bbJunta directiva\u00bb url=\u00bb@ET-DC@eyJkeW5hbWljIjp0cnVlLCJjb250ZW50IjoicG9zdF9saW5rX3VybF9wYWdlIiwic2V0dGluZ3MiOnsicG9zdF9pZCI6IjU5In19@\u00bb use_icon=\u00bbon\u00bb font_icon=\u00bb&#xf0c0;||fa||900&#8243; icon_color=\u00bb#FFFFFF\u00bb icon_placement=\u00bbleft\u00bb image_icon_width=\u00bb170%\u00bb _builder_version=\u00bb4.22.1&#8243; _dynamic_attributes=\u00bburl\u00bb _module_preset=\u00bbdefault\u00bb body_font=\u00bb|300|||||||\u00bb background_color=\u00bb#1C5BA2&#8243; image_icon_custom_margin=\u00bb||||false|false\u00bb image_icon_custom_padding=\u00bb5px||||false|false\u00bb background_layout=\u00bbdark\u00bb custom_margin=\u00bb||10px||false|false\u00bb custom_padding=\u00bb20px|30px|20px|30px|true|true\u00bb global_colors_info=\u00bb{}\u00bb][\/et_pb_blurb][\/et_pb_column][\/et_pb_row][\/et_pb_section]<\/p>","protected":false},"excerpt":{"rendered":"<p>La Asociaci\u00f3n de la Prensa de La Coru\u00f1a fue creada el 5 de diciembre de 1904 por un grupo de destacados periodistas e intelectuales coru\u00f1eses. Es una de las m\u00e1s veteranas de Espa\u00f1a y la m\u00e1s antigua de Galicia. La comisi\u00f3n ejecutiva encargada de efectuar las gestiones necesarias para su creaci\u00f3n y de elaborar los [&hellip;]<\/p>","protected":false},"author":1,"featured_media":0,"parent":0,"menu_order":0,"comment_status":"closed","ping_status":"closed","template":"","meta":{"_et_pb_use_builder":"on","_et_pb_old_content":"","_et_gb_content_width":"","footnotes":""},"class_list":["post-49","page","type-page","status-publish","hentry"],"_links":{"self":[{"href":"https:\/\/apcoruna.com\/en\/wp-json\/wp\/v2\/pages\/49","targetHints":{"allow":["GET"]}}],"collection":[{"href":"https:\/\/apcoruna.com\/en\/wp-json\/wp\/v2\/pages"}],"about":[{"href":"https:\/\/apcoruna.com\/en\/wp-json\/wp\/v2\/types\/page"}],"author":[{"embeddable":true,"href":"https:\/\/apcoruna.com\/en\/wp-json\/wp\/v2\/users\/1"}],"replies":[{"embeddable":true,"href":"https:\/\/apcoruna.com\/en\/wp-json\/wp\/v2\/comments?post=49"}],"version-history":[{"count":10,"href":"https:\/\/apcoruna.com\/en\/wp-json\/wp\/v2\/pages\/49\/revisions"}],"predecessor-version":[{"id":528,"href":"https:\/\/apcoruna.com\/en\/wp-json\/wp\/v2\/pages\/49\/revisions\/528"}],"wp:attachment":[{"href":"https:\/\/apcoruna.com\/en\/wp-json\/wp\/v2\/media?parent=49"}],"curies":[{"name":"wp","href":"https:\/\/api.w.org\/{rel}","templated":true}]}}