{"id":61,"date":"2023-10-13T18:03:39","date_gmt":"2023-10-13T16:03:39","guid":{"rendered":"https:\/\/apcoruna.com\/?page_id=61"},"modified":"2023-10-17T11:44:48","modified_gmt":"2023-10-17T09:44:48","slug":"premios","status":"publish","type":"page","link":"https:\/\/apcoruna.com\/en\/premios\/","title":{"rendered":"Premios"},"content":{"rendered":"<p>[et_pb_section fb_built=\u00bb1&#8243; _builder_version=\u00bb4.22.1&#8243; _module_preset=\u00bbdefault\u00bb background_image=\u00bbhttps:\/\/apcoruna.com\/wp-content\/uploads\/2023\/10\/cabecera-10.jpg\u00bb background_position=\u00bbtop_center\u00bb height=\u00bb482px\u00bb height_tablet=\u00bb383px\u00bb height_phone=\u00bb393px\u00bb height_last_edited=\u00bbon|phone\u00bb custom_padding=\u00bb0px||0px||true|false\u00bb hover_enabled=\u00bb0&#8243; background_last_edited=\u00bbon|phone\u00bb background_size_tablet=\u00bbcontain\u00bb background_size_phone=\u00bbcontain\u00bb background_position_tablet=\u00bbtop_center\u00bb background_position_phone=\u00bbtop_center\u00bb global_colors_info=\u00bb{}\u00bb title_text=\u00bbcabecera-10&#8243; sticky_enabled=\u00bb0&#8243;][et_pb_row column_structure=\u00bb1_4,1_4,1_4,1_4&#8243; use_custom_gutter=\u00bbon\u00bb gutter_width=\u00bb1&#8243; make_equal=\u00bbon\u00bb _builder_version=\u00bb4.22.1&#8243; _module_preset=\u00bbdefault\u00bb background_color=\u00bb#FFFFFF\u00bb positioning=\u00bbabsolute\u00bb position_origin_a=\u00bbbottom_left\u00bb vertical_offset_tablet=\u00bb\u00bb vertical_offset_phone=\u00bb0px\u00bb vertical_offset_last_edited=\u00bbon|tablet\u00bb position_origin_a_tablet=\u00bb\u00bb position_origin_a_phone=\u00bb\u00bb position_origin_a_last_edited=\u00bbon|tablet\u00bb position_origin_f_tablet=\u00bbbottom_left\u00bb position_origin_f_phone=\u00bbtop_left\u00bb position_origin_f_last_edited=\u00bbon|tablet\u00bb position_origin_r_tablet=\u00bb\u00bb position_origin_r_phone=\u00bb\u00bb position_origin_r_last_edited=\u00bbon|desktop\u00bb width=\u00bb75%\u00bb width_tablet=\u00bb100%\u00bb width_phone=\u00bb100%\u00bb width_last_edited=\u00bbon|tablet\u00bb custom_margin=\u00bb||||false|false\u00bb custom_padding=\u00bb20px|0px|10px|10px|false|false\u00bb positioning_tablet=\u00bbabsolute\u00bb positioning_phone=\u00bbabsolute\u00bb positioning_last_edited=\u00bbon|phone\u00bb global_module=\u00bb253&#8243; saved_tabs=\u00bball\u00bb global_colors_info=\u00bb{}\u00bb][et_pb_column type=\u00bb1_4&#8243; _builder_version=\u00bb4.22.1&#8243; _module_preset=\u00bbdefault\u00bb global_colors_info=\u00bb{}\u00bb][et_pb_blurb title=\u00bbc\u00f3mo\u2028Asociarse\u00bb image=\u00bbhttps:\/\/apcoruna.com\/wp-content\/uploads\/2023\/10\/ico-como-asociarse.svg\u00bb icon_placement=\u00bbleft\u00bb _builder_version=\u00bb4.22.1&#8243; _module_preset=\u00bbdefault\u00bb header_level=\u00bbh6&#8243; image_icon_custom_margin=\u00bb|40px|||false|false\u00bb image_icon_custom_padding=\u00bb||||false|false\u00bb custom_margin=\u00bb||||false|false\u00bb custom_padding=\u00bb||20px||false|false\u00bb global_colors_info=\u00bb{}\u00bb][\/et_pb_blurb][\/et_pb_column][et_pb_column type=\u00bb1_4&#8243; _builder_version=\u00bb4.22.1&#8243; _module_preset=\u00bbdefault\u00bb global_colors_info=\u00bb{}\u00bb][et_pb_blurb title=\u00bbPublicaciones\u00bb image=\u00bbhttps:\/\/apcoruna.com\/wp-content\/uploads\/2023\/10\/ico-publicaciones.svg\u00bb icon_placement=\u00bbleft\u00bb _builder_version=\u00bb4.22.1&#8243; _module_preset=\u00bbdefault\u00bb header_level=\u00bbh6&#8243; image_icon_custom_margin=\u00bb|40px|||false|false\u00bb image_icon_custom_padding=\u00bb||||false|false\u00bb custom_margin=\u00bb||||false|false\u00bb custom_padding=\u00bb||20px||false|false\u00bb global_colors_info=\u00bb{}\u00bb][\/et_pb_blurb][\/et_pb_column][et_pb_column type=\u00bb1_4&#8243; _builder_version=\u00bb4.22.1&#8243; _module_preset=\u00bbdefault\u00bb global_colors_info=\u00bb{}\u00bb][et_pb_blurb title=\u00bbBiblioteca virtual\u00bb image=\u00bbhttps:\/\/apcoruna.com\/wp-content\/uploads\/2023\/10\/ico-biblioteca-virtual.svg\u00bb icon_placement=\u00bbleft\u00bb _builder_version=\u00bb4.22.1&#8243; _module_preset=\u00bbdefault\u00bb header_level=\u00bbh6&#8243; image_icon_custom_margin=\u00bb|40px|||false|false\u00bb image_icon_custom_padding=\u00bb||||false|false\u00bb custom_margin=\u00bb||||false|false\u00bb custom_padding=\u00bb||20px||false|false\u00bb global_colors_info=\u00bb{}\u00bb][\/et_pb_blurb][\/et_pb_column][et_pb_column type=\u00bb1_4&#8243; _builder_version=\u00bb4.22.1&#8243; _module_preset=\u00bbdefault\u00bb global_colors_info=\u00bb{}\u00bb][et_pb_blurb title=\u00bbContacto\u00bb url=\u00bb@ET-DC@eyJkeW5hbWljIjp0cnVlLCJjb250ZW50IjoicG9zdF9saW5rX3VybF9wYWdlIiwic2V0dGluZ3MiOnsicG9zdF9pZCI6IjczIn19@\u00bb image=\u00bbhttps:\/\/apcoruna.com\/wp-content\/uploads\/2023\/10\/ico-contacto.svg\u00bb icon_placement=\u00bbleft\u00bb _builder_version=\u00bb4.22.1&#8243; _dynamic_attributes=\u00bburl\u00bb _module_preset=\u00bbdefault\u00bb header_level=\u00bbh6&#8243; image_icon_custom_margin=\u00bb|40px|||false|false\u00bb image_icon_custom_padding=\u00bb||||false|false\u00bb custom_margin=\u00bb||||false|false\u00bb custom_padding=\u00bb||20px||false|false\u00bb global_colors_info=\u00bb{}\u00bb][\/et_pb_blurb][\/et_pb_column][\/et_pb_row][\/et_pb_section][et_pb_section fb_built=\u00bb1&#8243; _builder_version=\u00bb4.22.1&#8243; _module_preset=\u00bbdefault\u00bb custom_padding=\u00bb30px||||false|false\u00bb global_colors_info=\u00bb{}\u00bb][et_pb_row column_structure=\u00bb2_3,1_3&#8243; _builder_version=\u00bb4.22.1&#8243; _module_preset=\u00bbdefault\u00bb width=\u00bb95%\u00bb global_colors_info=\u00bb{}\u00bb][et_pb_column type=\u00bb2_3&#8243; _builder_version=\u00bb4.22.1&#8243; _module_preset=\u00bbdefault\u00bb global_colors_info=\u00bb{}\u00bb][et_pb_text _builder_version=\u00bb4.22.1&#8243; _dynamic_attributes=\u00bbcontent\u00bb _module_preset=\u00bbdefault\u00bb global_colors_info=\u00bb{}\u00bb]@ET-DC@eyJkeW5hbWljIjp0cnVlLCJjb250ZW50IjoicG9zdF90aXRsZSIsInNldHRpbmdzIjp7ImJlZm9yZSI6IjxoMj4iLCJhZnRlciI6IjwvaDI+In19@[\/et_pb_text][et_pb_text _builder_version=\u00bb4.22.1&#8243; _module_preset=\u00bbdefault\u00bb global_colors_info=\u00bb{}\u00bb]<\/p>\n<p>La Asociaci\u00f3n de La Prensa de A Coru\u00f1a convoca anualmente importantes premios.<\/p>\n<p>En primer lugar podemos destacar el prestigioso <a href=\"https:\/\/apcoruna.com\/en\/premio-perez-lugin\/\"><strong>Premio P\u00e9rez Lug\u00edn de Periodismo<\/strong><\/a>, uno de los m\u00e1s antiguos de las letras espa\u00f1olas, creado en 1941.<\/p>\n<p>El <a href=\"https:\/\/apcoruna.com\/en\/premio-emilio-quesada\/\"><strong>Premio Period\u00edstico Cronista Emilio Quesada<\/strong><\/a> tiene como objetivo resaltar los valores hist\u00f3ricos o actuales de la ciudad de A Coru\u00f1a, de sus instituciones o de sus habitantes. La dotaci\u00f3n de 1.000 euros que conlleva se produce gracias a la donaci\u00f3n de Emilio Quesada Zato, que es el periodista m\u00e1s veterano de la Asociaci\u00f3n de la Prensa<\/p>\n<p>[\/et_pb_text][et_pb_divider color=\u00bb#7199BF\u00bb divider_weight=\u00bb4px\u00bb _builder_version=\u00bb4.22.1&#8243; _module_preset=\u00bbdefault\u00bb custom_padding=\u00bb30px||10px||false|false\u00bb global_colors_info=\u00bb{}\u00bb][\/et_pb_divider][\/et_pb_column][et_pb_column type=\u00bb1_3&#8243; _builder_version=\u00bb4.22.1&#8243; _module_preset=\u00bbdefault\u00bb custom_padding=\u00bb90px||||false|false\u00bb global_colors_info=\u00bb{}\u00bb][et_pb_blurb title=\u00bbPremio P\u00e9rez Lug\u00edn\u00bb url=\u00bb@ET-DC@eyJkeW5hbWljIjp0cnVlLCJjb250ZW50IjoicG9zdF9saW5rX3VybF9wYWdlIiwic2V0dGluZ3MiOnsicG9zdF9pZCI6IjYzIn19@\u00bb use_icon=\u00bbon\u00bb font_icon=\u00bb&#xf559;||fa||900&#8243; icon_color=\u00bb#FFFFFF\u00bb icon_placement=\u00bbleft\u00bb image_icon_width=\u00bb170%\u00bb _builder_version=\u00bb4.22.1&#8243; _dynamic_attributes=\u00bburl\u00bb _module_preset=\u00bbdefault\u00bb body_font=\u00bb|300|||||||\u00bb background_color=\u00bb#1C5BA2&#8243; image_icon_custom_margin=\u00bb||||false|false\u00bb image_icon_custom_padding=\u00bb5px||||false|false\u00bb background_layout=\u00bbdark\u00bb custom_margin=\u00bb||10px||false|false\u00bb custom_padding=\u00bb20px|30px|20px|30px|true|true\u00bb global_colors_info=\u00bb{}\u00bb][\/et_pb_blurb][et_pb_blurb title=\u00bbPremio Emilio Quesada\u00bb url=\u00bb@ET-DC@eyJkeW5hbWljIjp0cnVlLCJjb250ZW50IjoicG9zdF9saW5rX3VybF9wYWdlIiwic2V0dGluZ3MiOnsicG9zdF9pZCI6IjY1In19@\u00bb use_icon=\u00bbon\u00bb font_icon=\u00bb&#xf559;||fa||900&#8243; icon_color=\u00bb#FFFFFF\u00bb icon_placement=\u00bbleft\u00bb image_icon_width=\u00bb170%\u00bb _builder_version=\u00bb4.22.1&#8243; _dynamic_attributes=\u00bburl\u00bb _module_preset=\u00bbdefault\u00bb body_font=\u00bb|300|||||||\u00bb background_color=\u00bb#1C5BA2&#8243; image_icon_custom_margin=\u00bb||||false|false\u00bb image_icon_custom_padding=\u00bb5px||||false|false\u00bb background_layout=\u00bbdark\u00bb custom_margin=\u00bb||10px||false|false\u00bb custom_padding=\u00bb20px|30px|20px|30px|true|true\u00bb global_colors_info=\u00bb{}\u00bb][\/et_pb_blurb][\/et_pb_column][\/et_pb_row][\/et_pb_section]<\/p>","protected":false},"excerpt":{"rendered":"<p>La Asociaci\u00f3n de La Prensa de A Coru\u00f1a convoca anualmente importantes premios. En primer lugar podemos destacar el prestigioso Premio P\u00e9rez Lug\u00edn de Periodismo, uno de los m\u00e1s antiguos de las letras espa\u00f1olas, creado en 1941. El Premio Period\u00edstico Cronista Emilio Quesada tiene como objetivo resaltar los valores hist\u00f3ricos o actuales de la ciudad de [&hellip;]<\/p>","protected":false},"author":1,"featured_media":0,"parent":0,"menu_order":0,"comment_status":"closed","ping_status":"closed","template":"","meta":{"_et_pb_use_builder":"on","_et_pb_old_content":"","_et_gb_content_width":"","footnotes":""},"class_list":["post-61","page","type-page","status-publish","hentry"],"_links":{"self":[{"href":"https:\/\/apcoruna.com\/en\/wp-json\/wp\/v2\/pages\/61","targetHints":{"allow":["GET"]}}],"collection":[{"href":"https:\/\/apcoruna.com\/en\/wp-json\/wp\/v2\/pages"}],"about":[{"href":"https:\/\/apcoruna.com\/en\/wp-json\/wp\/v2\/types\/page"}],"author":[{"embeddable":true,"href":"https:\/\/apcoruna.com\/en\/wp-json\/wp\/v2\/users\/1"}],"replies":[{"embeddable":true,"href":"https:\/\/apcoruna.com\/en\/wp-json\/wp\/v2\/comments?post=61"}],"version-history":[{"count":3,"href":"https:\/\/apcoruna.com\/en\/wp-json\/wp\/v2\/pages\/61\/revisions"}],"predecessor-version":[{"id":319,"href":"https:\/\/apcoruna.com\/en\/wp-json\/wp\/v2\/pages\/61\/revisions\/319"}],"wp:attachment":[{"href":"https:\/\/apcoruna.com\/en\/wp-json\/wp\/v2\/media?parent=61"}],"curies":[{"name":"wp","href":"https:\/\/api.w.org\/{rel}","templated":true}]}}