{"id":67,"date":"2023-10-13T18:06:35","date_gmt":"2023-10-13T16:06:35","guid":{"rendered":"https:\/\/apcoruna.com\/?page_id=67"},"modified":"2026-02-10T08:41:40","modified_gmt":"2026-02-10T07:41:40","slug":"servicios","status":"publish","type":"page","link":"https:\/\/apcoruna.com\/en\/servicios\/","title":{"rendered":"Servicios"},"content":{"rendered":"<p>[et_pb_section fb_built=\u00bb1&#8243; _builder_version=\u00bb4.22.1&#8243; _module_preset=\u00bbdefault\u00bb background_image=\u00bbhttps:\/\/apcoruna.com\/wp-content\/uploads\/2023\/10\/cabecera-04.jpg\u00bb background_position=\u00bbtop_center\u00bb height=\u00bb482px\u00bb height_tablet=\u00bb383px\u00bb height_phone=\u00bb393px\u00bb height_last_edited=\u00bbon|phone\u00bb custom_padding=\u00bb0px||0px||true|false\u00bb background_last_edited=\u00bbon|phone\u00bb background_size_tablet=\u00bbcontain\u00bb background_size_phone=\u00bbcontain\u00bb background_position_tablet=\u00bbtop_center\u00bb background_position_phone=\u00bbtop_center\u00bb global_colors_info=\u00bb{}\u00bb][et_pb_row column_structure=\u00bb1_4,1_4,1_4,1_4&#8243; use_custom_gutter=\u00bbon\u00bb gutter_width=\u00bb1&#8243; make_equal=\u00bbon\u00bb custom_padding_last_edited=\u00bbon|desktop\u00bb admin_label=\u00bbMen\u00fa iconos\u00bb _builder_version=\u00bb4.22.1&#8243; _module_preset=\u00bbdefault\u00bb background_color=\u00bb#FFFFFF\u00bb positioning=\u00bbabsolute\u00bb position_origin_a=\u00bbbottom_left\u00bb vertical_offset_tablet=\u00bb\u00bb vertical_offset_phone=\u00bb0px\u00bb vertical_offset_last_edited=\u00bbon|tablet\u00bb position_origin_a_tablet=\u00bb\u00bb position_origin_a_phone=\u00bb\u00bb position_origin_a_last_edited=\u00bbon|tablet\u00bb position_origin_f_tablet=\u00bbbottom_left\u00bb position_origin_f_phone=\u00bbtop_left\u00bb position_origin_f_last_edited=\u00bbon|tablet\u00bb position_origin_r_tablet=\u00bb\u00bb position_origin_r_phone=\u00bb\u00bb position_origin_r_last_edited=\u00bbon|desktop\u00bb width=\u00bb75%\u00bb width_tablet=\u00bb100%\u00bb width_phone=\u00bb100%\u00bb width_last_edited=\u00bbon|tablet\u00bb custom_margin=\u00bb||||false|false\u00bb custom_padding=\u00bb20px|0px|10px|6%|false|false\u00bb custom_padding_tablet=\u00bb20px|0px|10px|6%|false|false\u00bb custom_padding_phone=\u00bb20px|0px|10px|6%|false|false\u00bb positioning_tablet=\u00bbabsolute\u00bb positioning_phone=\u00bbabsolute\u00bb positioning_last_edited=\u00bbon|phone\u00bb global_module=\u00bb253&#8243; saved_tabs=\u00bball\u00bb global_colors_info=\u00bb{}\u00bb][et_pb_column type=\u00bb1_4&#8243; _builder_version=\u00bb4.22.1&#8243; _module_preset=\u00bbdefault\u00bb global_colors_info=\u00bb{}\u00bb][et_pb_blurb title=\u00bbc\u00f3mo\u2028Asociarse\u00bb url=\u00bb@ET-DC@eyJkeW5hbWljIjp0cnVlLCJjb250ZW50IjoicG9zdF9saW5rX3VybF9wYWdlIiwic2V0dGluZ3MiOnsicG9zdF9pZCI6IjY3In19@\u00bb image=\u00bbhttps:\/\/apcoruna.com\/wp-content\/uploads\/2023\/10\/ico-como-asociarse.svg\u00bb icon_placement=\u00bbleft\u00bb _builder_version=\u00bb4.22.1&#8243; _dynamic_attributes=\u00bburl\u00bb _module_preset=\u00bbdefault\u00bb header_level=\u00bbh6&#8243; image_icon_custom_margin=\u00bb|40px|||false|false\u00bb image_icon_custom_padding=\u00bb||||false|false\u00bb custom_margin=\u00bb||||false|false\u00bb custom_padding=\u00bb||20px||false|false\u00bb global_colors_info=\u00bb{}\u00bb][\/et_pb_blurb][\/et_pb_column][et_pb_column type=\u00bb1_4&#8243; _builder_version=\u00bb4.22.1&#8243; _module_preset=\u00bbdefault\u00bb global_colors_info=\u00bb{}\u00bb][et_pb_blurb title=\u00bbPublicaciones\u00bb url=\u00bb@ET-DC@eyJkeW5hbWljIjp0cnVlLCJjb250ZW50IjoicG9zdF9saW5rX3VybF9wYWdlIiwic2V0dGluZ3MiOnsicG9zdF9pZCI6IjcxIn19@\u00bb image=\u00bbhttps:\/\/apcoruna.com\/wp-content\/uploads\/2023\/10\/ico-publicaciones.svg\u00bb icon_placement=\u00bbleft\u00bb _builder_version=\u00bb4.22.1&#8243; _dynamic_attributes=\u00bburl\u00bb _module_preset=\u00bbdefault\u00bb header_level=\u00bbh6&#8243; image_icon_custom_margin=\u00bb|40px|||false|false\u00bb image_icon_custom_padding=\u00bb||||false|false\u00bb custom_margin=\u00bb||||false|false\u00bb custom_padding=\u00bb||20px||false|false\u00bb global_colors_info=\u00bb{}\u00bb][\/et_pb_blurb][\/et_pb_column][et_pb_column type=\u00bb1_4&#8243; _builder_version=\u00bb4.22.1&#8243; _module_preset=\u00bbdefault\u00bb global_colors_info=\u00bb{}\u00bb][et_pb_blurb title=\u00bbBiblioteca virtual\u00bb url=\u00bb@ET-DC@eyJkeW5hbWljIjp0cnVlLCJjb250ZW50IjoicG9zdF9saW5rX3VybF9wYWdlIiwic2V0dGluZ3MiOnsicG9zdF9pZCI6IjY5In19@\u00bb image=\u00bbhttps:\/\/apcoruna.com\/wp-content\/uploads\/2023\/10\/ico-biblioteca-virtual.svg\u00bb icon_placement=\u00bbleft\u00bb _builder_version=\u00bb4.22.1&#8243; _dynamic_attributes=\u00bburl\u00bb _module_preset=\u00bbdefault\u00bb header_level=\u00bbh6&#8243; image_icon_custom_margin=\u00bb|40px|||false|false\u00bb image_icon_custom_padding=\u00bb||||false|false\u00bb custom_margin=\u00bb||||false|false\u00bb custom_padding=\u00bb||20px||false|false\u00bb global_colors_info=\u00bb{}\u00bb][\/et_pb_blurb][\/et_pb_column][et_pb_column type=\u00bb1_4&#8243; _builder_version=\u00bb4.22.1&#8243; _module_preset=\u00bbdefault\u00bb global_colors_info=\u00bb{}\u00bb][et_pb_blurb title=\u00bbContacto\u00bb url=\u00bb@ET-DC@eyJkeW5hbWljIjp0cnVlLCJjb250ZW50IjoicG9zdF9saW5rX3VybF9wYWdlIiwic2V0dGluZ3MiOnsicG9zdF9pZCI6IjczIn19@\u00bb image=\u00bbhttps:\/\/apcoruna.com\/wp-content\/uploads\/2023\/10\/ico-contacto.svg\u00bb icon_placement=\u00bbleft\u00bb _builder_version=\u00bb4.22.1&#8243; _dynamic_attributes=\u00bburl\u00bb _module_preset=\u00bbdefault\u00bb header_level=\u00bbh6&#8243; image_icon_custom_margin=\u00bb|40px|||false|false\u00bb image_icon_custom_padding=\u00bb||||false|false\u00bb custom_margin=\u00bb||||false|false\u00bb custom_padding=\u00bb||20px||false|false\u00bb global_colors_info=\u00bb{}\u00bb][\/et_pb_blurb][\/et_pb_column][\/et_pb_row][\/et_pb_section][et_pb_section fb_built=\u00bb1&#8243; _builder_version=\u00bb4.22.1&#8243; _module_preset=\u00bbdefault\u00bb custom_padding=\u00bb30px||||false|false\u00bb global_colors_info=\u00bb{}\u00bb][et_pb_row column_structure=\u00bb2_3,1_3&#8243; _builder_version=\u00bb4.22.1&#8243; _module_preset=\u00bbdefault\u00bb width=\u00bb95%\u00bb global_colors_info=\u00bb{}\u00bb][et_pb_column type=\u00bb2_3&#8243; _builder_version=\u00bb4.22.1&#8243; _module_preset=\u00bbdefault\u00bb global_colors_info=\u00bb{}\u00bb][et_pb_text _builder_version=\u00bb4.22.1&#8243; _dynamic_attributes=\u00bbcontent\u00bb _module_preset=\u00bbdefault\u00bb global_colors_info=\u00bb{}\u00bb]@ET-DC@eyJkeW5hbWljIjp0cnVlLCJjb250ZW50IjoicG9zdF90aXRsZSIsInNldHRpbmdzIjp7ImJlZm9yZSI6IjxoMj4iLCJhZnRlciI6IjwvaDI+In19@[\/et_pb_text][et_pb_text _builder_version=\u00bb4.22.1&#8243; _module_preset=\u00bbdefault\u00bb global_colors_info=\u00bb{}\u00bb]<\/p>\n<p>Los socios de la APC pueden disfrutar de una importante cartera de servicios tanto generada directamente como por el hecho de estar asociados a la FAPE y que abarcan desde la adquisici\u00f3n de veh\u00edculos, servicios y productos financieros, seguros, viajes, \u00f3pticas, etc.<\/p>\n<p>Puedes consultar aqu\u00ed los\u00a0<a href=\"https:\/\/www.colectivosvip.com\/fape\/offers.action?ref=home#0\" target=\"_blank\" rel=\"noopener\">servicios que ofrece FAPE<\/a><\/p>\n<p>[\/et_pb_text][et_pb_text _builder_version=\u00bb4.22.1&#8243; _module_preset=\u00bbdefault\u00bb global_colors_info=\u00bb{}\u00bb]<\/p>\n<h4>Asociarse<\/h4>\n<p>Para ser socio de la APC necesitas entregar:<\/p>\n<ul>\n<li>Una foto tama\u00f1o carn\u00e9.<\/li>\n<li>Un breve curr\u00edculo<\/li>\n<li>Una fotocopia del DNI<\/li>\n<li>N\u00famero de cuenta bancaria<\/li>\n<li>Fotocopia compulsada de Licenciatura en Ciencias de la Informaci\u00f3n secci\u00f3n\/rama Periodismo o Comunicaci\u00f3n Audiovisual o licenciatura\/grado en Periodismo o Comunicaci\u00f3n Audiovisual.<\/li>\n<\/ul>\n<p>En la secci\u00f3n Documentos dispones de los impresos necesarios para asociarte a la APC y a la FAPE, as\u00ed como para obtener el carn\u00e9 de la Federaci\u00f3n Internacional (FIIP).<\/p>\n<p>En cualquier caso, no dudes en llamar para aclarar dudas al tel\u00e9fono <a href=\"tel: 34981223486\">981 2234 86<\/a>, o personalmente en nuestra sede: <a href=\"https:\/\/www.google.es\/maps\/place\/Asociaci%C3%B3n+de+la+Prensa\/@43.3678133,-8.4057698,18z\/data=!4m6!3m5!1s0xd2e7c7d7642ce23:0x5f368a0b2f33b232!8m2!3d43.3678117!4d-8.4046872!16s%2Fg%2F1hc153xyk?entry=tts\" target=\"_blank\" rel=\"noopener\">C\/ Dur\u00e1n Loriga, 10-4\u00ba. A Coru\u00f1a.<\/a><\/p>\n<p>[\/et_pb_text][et_pb_text _builder_version=\u00bb4.22.1&#8243; _module_preset=\u00bbdefault\u00bb global_colors_info=\u00bb{}\u00bb]<\/p>\n<h4>Documentos<\/h4>\n<ul>\n<li>ASOCIARSE A LA APC: <a title=\"Ver documento\" href=\"\/wp-content\/uploads\/2024\/04\/FICHA-INSCRIPCION-APC.pdf\" target=\"_blank\" rel=\"noopener\">Solicitud de inscripci\u00f3n en la APC<\/a><\/li>\n<li>ASOCIARSE A FAPE: <a title=\"Ver documento\" href=\"\/wp-content\/uploads\/2024\/04\/impreso-de-alta-FAPE.pdf\" target=\"_blank\" rel=\"noopener\">Impreso de alta<\/a><\/li>\n<li>ASOCIARSE A FIP: <a title=\"Ver documento\" href=\"https:\/\/www.ifj.org\/es\/\" target=\"_blank\" rel=\"noopener\">Impreso de alta<\/a><\/li>\n<\/ul>\n<p>[\/et_pb_text][et_pb_text _builder_version=\u00bb4.22.1&#8243; _module_preset=\u00bbdefault\u00bb global_colors_info=\u00bb{}\u00bb]<\/p>\n<h4>Comisi\u00f3n de quejas<\/h4>\n<p>La Comisi\u00f3n de Quejas y Deontolog\u00eda de la Federaci\u00f3n de Asociaciones de Periodistas de Espa\u00f1a (FAPE) se constituye a iniciativa y propuesta de esta como \u00f3rgano de autocontrol deontol\u00f3gico interno de la profesi\u00f3n period\u00edstica. Su objetivo es favorecer y promover el arbitraje, la mediaci\u00f3n, el entendimiento y la recomendaci\u00f3n de petici\u00f3n de disculpas. En definitiva, act\u00faa como autoridad moral, otorgada expl\u00edcitamente por las asociaciones de la prensa y los periodistas en ellas afiliados, garantizando as\u00ed el cumplimiento del C\u00f3digo Deontol\u00f3gico de la Federaci\u00f3n.<\/p>\n<p>El art\u00edculo 1.3 de los Estatutos de la FAPE establece que esta <em>\u00abasume los derechos y deberes inherentes a la tutela y al est\u00edmulo del cumplimiento de la buena pr\u00e1ctica profesional y del respeto a la deontolog\u00eda period\u00edstica\u00bb<\/em>, disponiendo el art\u00edculo 4.b que es <em>\u00abfunci\u00f3n de la Federaci\u00f3n velar por el cumplimiento de los principios deontol\u00f3gicos en el ejercicio de la actividad period\u00edstica, especialmente por los contenidos en los dict\u00e1menes de la Comisi\u00f3n de Quejas\u00bb<\/em>.<\/p>\n<p>Para formular una queja\u00a0<a href=\"http:\/\/www.comisiondequejas.com\/\" target=\"_blank\" rel=\"noopener\">pincha aqu\u00ed<\/a>.<\/p>\n<p>[\/et_pb_text][et_pb_divider color=\u00bb#7199BF\u00bb divider_weight=\u00bb4px\u00bb _builder_version=\u00bb4.22.1&#8243; _module_preset=\u00bbdefault\u00bb custom_padding=\u00bb30px||10px||false|false\u00bb global_colors_info=\u00bb{}\u00bb][\/et_pb_divider][\/et_pb_column][et_pb_column type=\u00bb1_3&#8243; _builder_version=\u00bb4.22.1&#8243; _module_preset=\u00bbdefault\u00bb custom_padding=\u00bb90px||||false|false\u00bb global_colors_info=\u00bb{}\u00bb][et_pb_text _builder_version=\u00bb4.22.1&#8243; _module_preset=\u00bbdefault\u00bb global_colors_info=\u00bb{}\u00bb]<\/p>\n<h4>Servicios en vigor<\/h4>\n<p>ASESOR\u00cdA JUR\u00cdDICA<\/p>\n<p>SEGUROS<\/p>\n<p>DESCUENTOS EN LA ADQUISICI\u00d3N DE VEH\u00cdCULOS<\/p>\n<p>MUSEOS<\/p>\n<p>IFEMA \u2013 FERIA DE MADRID<\/p>\n<p>[\/et_pb_text][\/et_pb_column][\/et_pb_row][\/et_pb_section]<\/p>","protected":false},"excerpt":{"rendered":"<p>Los socios de la APC pueden disfrutar de una importante cartera de servicios tanto generada directamente como por el hecho de estar asociados a la FAPE y que abarcan desde la adquisici\u00f3n de veh\u00edculos, servicios y productos financieros, seguros, viajes, \u00f3pticas, etc. Puedes consultar aqu\u00ed los\u00a0servicios que ofrece FAPEAsociarse Para ser socio de la APC [&hellip;]<\/p>","protected":false},"author":1,"featured_media":0,"parent":0,"menu_order":0,"comment_status":"closed","ping_status":"closed","template":"","meta":{"_et_pb_use_builder":"on","_et_pb_old_content":"","_et_gb_content_width":"","footnotes":""},"class_list":["post-67","page","type-page","status-publish","hentry"],"_links":{"self":[{"href":"https:\/\/apcoruna.com\/en\/wp-json\/wp\/v2\/pages\/67","targetHints":{"allow":["GET"]}}],"collection":[{"href":"https:\/\/apcoruna.com\/en\/wp-json\/wp\/v2\/pages"}],"about":[{"href":"https:\/\/apcoruna.com\/en\/wp-json\/wp\/v2\/types\/page"}],"author":[{"embeddable":true,"href":"https:\/\/apcoruna.com\/en\/wp-json\/wp\/v2\/users\/1"}],"replies":[{"embeddable":true,"href":"https:\/\/apcoruna.com\/en\/wp-json\/wp\/v2\/comments?post=67"}],"version-history":[{"count":7,"href":"https:\/\/apcoruna.com\/en\/wp-json\/wp\/v2\/pages\/67\/revisions"}],"predecessor-version":[{"id":1957,"href":"https:\/\/apcoruna.com\/en\/wp-json\/wp\/v2\/pages\/67\/revisions\/1957"}],"wp:attachment":[{"href":"https:\/\/apcoruna.com\/en\/wp-json\/wp\/v2\/media?parent=67"}],"curies":[{"name":"wp","href":"https:\/\/api.w.org\/{rel}","templated":true}]}}