{"id":75,"date":"2023-10-13T18:11:53","date_gmt":"2023-10-13T16:11:53","guid":{"rendered":"https:\/\/apcoruna.com\/?page_id=75"},"modified":"2023-10-16T20:39:49","modified_gmt":"2023-10-16T18:39:49","slug":"la-asociacion","status":"publish","type":"page","link":"https:\/\/apcoruna.com\/en\/la-asociacion\/","title":{"rendered":"La asociaci\u00f3n"},"content":{"rendered":"<p>[et_pb_section fb_built=\u00bb1&#8243; _builder_version=\u00bb4.22.1&#8243; _module_preset=\u00bbdefault\u00bb background_image=\u00bbhttps:\/\/apcoruna.com\/wp-content\/uploads\/2023\/10\/home-cabecera-asociacion.jpg\u00bb background_position=\u00bbtop_center\u00bb height=\u00bb482px\u00bb height_tablet=\u00bb383px\u00bb height_phone=\u00bb393px\u00bb height_last_edited=\u00bbon|phone\u00bb custom_padding=\u00bb0px||0px||true|false\u00bb background_last_edited=\u00bbon|phone\u00bb background_size_tablet=\u00bbcontain\u00bb background_size_phone=\u00bbcontain\u00bb background_position_tablet=\u00bbtop_center\u00bb background_position_phone=\u00bbtop_center\u00bb global_colors_info=\u00bb{}\u00bb][et_pb_row column_structure=\u00bb1_4,1_4,1_4,1_4&#8243; use_custom_gutter=\u00bbon\u00bb gutter_width=\u00bb1&#8243; make_equal=\u00bbon\u00bb _builder_version=\u00bb4.22.1&#8243; _module_preset=\u00bbdefault\u00bb background_color=\u00bb#FFFFFF\u00bb positioning=\u00bbabsolute\u00bb position_origin_a=\u00bbbottom_left\u00bb vertical_offset_tablet=\u00bb\u00bb vertical_offset_phone=\u00bb0px\u00bb vertical_offset_last_edited=\u00bbon|tablet\u00bb position_origin_a_tablet=\u00bb\u00bb position_origin_a_phone=\u00bb\u00bb position_origin_a_last_edited=\u00bbon|tablet\u00bb position_origin_f_tablet=\u00bbbottom_left\u00bb position_origin_f_phone=\u00bbtop_left\u00bb position_origin_f_last_edited=\u00bbon|tablet\u00bb position_origin_r_tablet=\u00bb\u00bb position_origin_r_phone=\u00bb\u00bb position_origin_r_last_edited=\u00bbon|desktop\u00bb width=\u00bb75%\u00bb width_tablet=\u00bb100%\u00bb width_phone=\u00bb100%\u00bb width_last_edited=\u00bbon|tablet\u00bb custom_margin=\u00bb||||false|false\u00bb custom_padding=\u00bb20px|0px|10px|10px|false|false\u00bb positioning_tablet=\u00bbabsolute\u00bb positioning_phone=\u00bbabsolute\u00bb positioning_last_edited=\u00bbon|phone\u00bb global_module=\u00bb253&#8243; saved_tabs=\u00bball\u00bb global_colors_info=\u00bb{}\u00bb][et_pb_column type=\u00bb1_4&#8243; _builder_version=\u00bb4.22.1&#8243; _module_preset=\u00bbdefault\u00bb global_colors_info=\u00bb{}\u00bb][et_pb_blurb title=\u00bbc\u00f3mo\u2028Asociarse\u00bb image=\u00bbhttps:\/\/apcoruna.com\/wp-content\/uploads\/2023\/10\/ico-como-asociarse.svg\u00bb icon_placement=\u00bbleft\u00bb _builder_version=\u00bb4.22.1&#8243; _module_preset=\u00bbdefault\u00bb header_level=\u00bbh6&#8243; image_icon_custom_margin=\u00bb|40px|||false|false\u00bb image_icon_custom_padding=\u00bb||||false|false\u00bb custom_margin=\u00bb||||false|false\u00bb custom_padding=\u00bb||20px||false|false\u00bb global_colors_info=\u00bb{}\u00bb][\/et_pb_blurb][\/et_pb_column][et_pb_column type=\u00bb1_4&#8243; _builder_version=\u00bb4.22.1&#8243; _module_preset=\u00bbdefault\u00bb global_colors_info=\u00bb{}\u00bb][et_pb_blurb title=\u00bbPublicaciones\u00bb image=\u00bbhttps:\/\/apcoruna.com\/wp-content\/uploads\/2023\/10\/ico-publicaciones.svg\u00bb icon_placement=\u00bbleft\u00bb _builder_version=\u00bb4.22.1&#8243; _module_preset=\u00bbdefault\u00bb header_level=\u00bbh6&#8243; image_icon_custom_margin=\u00bb|40px|||false|false\u00bb image_icon_custom_padding=\u00bb||||false|false\u00bb custom_margin=\u00bb||||false|false\u00bb custom_padding=\u00bb||20px||false|false\u00bb global_colors_info=\u00bb{}\u00bb][\/et_pb_blurb][\/et_pb_column][et_pb_column type=\u00bb1_4&#8243; _builder_version=\u00bb4.22.1&#8243; _module_preset=\u00bbdefault\u00bb global_colors_info=\u00bb{}\u00bb][et_pb_blurb title=\u00bbBiblioteca virtual\u00bb image=\u00bbhttps:\/\/apcoruna.com\/wp-content\/uploads\/2023\/10\/ico-biblioteca-virtual.svg\u00bb icon_placement=\u00bbleft\u00bb _builder_version=\u00bb4.22.1&#8243; _module_preset=\u00bbdefault\u00bb header_level=\u00bbh6&#8243; image_icon_custom_margin=\u00bb|40px|||false|false\u00bb image_icon_custom_padding=\u00bb||||false|false\u00bb custom_margin=\u00bb||||false|false\u00bb custom_padding=\u00bb||20px||false|false\u00bb global_colors_info=\u00bb{}\u00bb][\/et_pb_blurb][\/et_pb_column][et_pb_column type=\u00bb1_4&#8243; _builder_version=\u00bb4.22.1&#8243; _module_preset=\u00bbdefault\u00bb global_colors_info=\u00bb{}\u00bb][et_pb_blurb title=\u00bbContacto\u00bb url=\u00bb@ET-DC@eyJkeW5hbWljIjp0cnVlLCJjb250ZW50IjoicG9zdF9saW5rX3VybF9wYWdlIiwic2V0dGluZ3MiOnsicG9zdF9pZCI6IjczIn19@\u00bb image=\u00bbhttps:\/\/apcoruna.com\/wp-content\/uploads\/2023\/10\/ico-contacto.svg\u00bb icon_placement=\u00bbleft\u00bb _builder_version=\u00bb4.22.1&#8243; _dynamic_attributes=\u00bburl\u00bb _module_preset=\u00bbdefault\u00bb header_level=\u00bbh6&#8243; image_icon_custom_margin=\u00bb|40px|||false|false\u00bb image_icon_custom_padding=\u00bb||||false|false\u00bb custom_margin=\u00bb||||false|false\u00bb custom_padding=\u00bb||20px||false|false\u00bb global_colors_info=\u00bb{}\u00bb][\/et_pb_blurb][\/et_pb_column][\/et_pb_row][\/et_pb_section][et_pb_section fb_built=\u00bb1&#8243; _builder_version=\u00bb4.22.1&#8243; _module_preset=\u00bbdefault\u00bb custom_padding=\u00bb30px||||false|false\u00bb global_colors_info=\u00bb{}\u00bb][et_pb_row column_structure=\u00bb2_3,1_3&#8243; _builder_version=\u00bb4.22.1&#8243; _module_preset=\u00bbdefault\u00bb width=\u00bb95%\u00bb global_colors_info=\u00bb{}\u00bb][et_pb_column type=\u00bb2_3&#8243; _builder_version=\u00bb4.22.1&#8243; _module_preset=\u00bbdefault\u00bb global_colors_info=\u00bb{}\u00bb][et_pb_text _builder_version=\u00bb4.22.1&#8243; _dynamic_attributes=\u00bbcontent\u00bb _module_preset=\u00bbdefault\u00bb global_colors_info=\u00bb{}\u00bb]@ET-DC@eyJkeW5hbWljIjp0cnVlLCJjb250ZW50IjoicG9zdF90aXRsZSIsInNldHRpbmdzIjp7ImJlZm9yZSI6IjxoMj4iLCJhZnRlciI6IjwvaDI+In19@[\/et_pb_text][et_pb_text _builder_version=\u00bb4.22.1&#8243; _module_preset=\u00bbdefault\u00bb global_colors_info=\u00bb{}\u00bb]<\/p>\n<p>La Asociaci\u00f3n de la Prensa de La Coru\u00f1a es una entidad sin \u00e1nimo de lucro que mantiene vigentes, pero actualizados, los principios que inspiraron su creaci\u00f3n el 5 de diciembre de 1904.<\/p>\n<p>Es una de las m\u00e1s antiguas del Estado espa\u00f1ol y propici\u00f3 la creaci\u00f3n de la Federaci\u00f3n de Asociaciones de Periodistas de Espa\u00f1a (FAPE), en 1922. Los h\u00e1bitos y procedimientos democr\u00e1ticos desde su creaci\u00f3n, hace m\u00e1s de 100 a\u00f1os, hasta nuestros d\u00edas son, precisamente, la base que demuestra nuestra solidez y consistencia, y que auguran un mejor futuro.<\/p>\n<p>[\/et_pb_text][et_pb_divider color=\u00bb#7199BF\u00bb divider_weight=\u00bb4px\u00bb _builder_version=\u00bb4.22.1&#8243; _module_preset=\u00bbdefault\u00bb custom_padding=\u00bb30px||10px||false|false\u00bb global_colors_info=\u00bb{}\u00bb][\/et_pb_divider][dgbm_blog_module posts_number=\u00bb3&#8243; type=\u00bb3&#8243; include_categories=\u00bb9,10,8,1&#8243; show_excerpt=\u00bboff\u00bb show_author=\u00bboff\u00bb meta_date=\u00bbd\/m\/y\u00bb show_pagination=\u00bboff\u00bb space_between=\u00bb25px\u00bb equal_height=\u00bbon\u00bb container_margin=\u00bb||||false|false\u00bb container_padding=\u00bb||||false|false\u00bb article_margin=\u00bb||||false|false\u00bb article_padding=\u00bb||50px||false|false\u00bb image_margin=\u00bb||15px||false|false\u00bb content_margin=\u00bb||||false|false\u00bb title_margin=\u00bb-15px||||false|false\u00bb text_margin=\u00bb10px||||false|false\u00bb date_location=\u00bbtop\u00bb date_margin=\u00bb||||false|false\u00bb date_padding=\u00bb||||false|false\u00bb _builder_version=\u00bb4.22.1&#8243; _module_preset=\u00bbdefault\u00bb title_font=\u00bb||||||||\u00bb title_text_color=\u00bb#333333&#8243; title_font_size=\u00bb18px\u00bb meta_font_size=\u00bb16px\u00bb date_text_color=\u00bb#1C5BA2&#8243; date_font_size=\u00bb16px\u00bb date_line_height=\u00bb1.7em\u00bb border_width_bottom_post_item=\u00bb4px\u00bb border_color_bottom_post_item=\u00bb#7199BF\u00bb global_colors_info=\u00bb{}\u00bb][\/dgbm_blog_module][et_pb_button button_url=\u00bb@ET-DC@eyJkeW5hbWljIjp0cnVlLCJjb250ZW50IjoicG9zdF9saW5rX3VybF9wYWdlIiwic2V0dGluZ3MiOnsicG9zdF9pZCI6Ijc3In19@\u00bb button_text=\u00bbTodas las noticias\u00bb button_alignment=\u00bbcenter\u00bb _builder_version=\u00bb4.22.1&#8243; _dynamic_attributes=\u00bbbutton_url\u00bb _module_preset=\u00bbdefault\u00bb custom_margin=\u00bb30px||30px||true|false\u00bb global_colors_info=\u00bb{}\u00bb][\/et_pb_button][\/et_pb_column][et_pb_column type=\u00bb1_3&#8243; _builder_version=\u00bb4.22.1&#8243; _module_preset=\u00bbdefault\u00bb custom_padding=\u00bb90px||||false|false\u00bb global_colors_info=\u00bb{}\u00bb][et_pb_blurb title=\u00bbHistoria\u00bb url=\u00bb@ET-DC@eyJkeW5hbWljIjp0cnVlLCJjb250ZW50IjoicG9zdF9saW5rX3VybF9wYWdlIiwic2V0dGluZ3MiOnsicG9zdF9pZCI6IjQ5In19@\u00bb use_icon=\u00bbon\u00bb font_icon=\u00bb&#xf254;||fa||400&#8243; icon_color=\u00bb#FFFFFF\u00bb icon_placement=\u00bbleft\u00bb image_icon_width=\u00bb170%\u00bb _builder_version=\u00bb4.22.1&#8243; _dynamic_attributes=\u00bburl\u00bb _module_preset=\u00bbdefault\u00bb body_font=\u00bb|300|||||||\u00bb background_color=\u00bb#1C5BA2&#8243; image_icon_custom_margin=\u00bb||||false|false\u00bb image_icon_custom_padding=\u00bb5px||||false|false\u00bb background_layout=\u00bbdark\u00bb custom_margin=\u00bb||10px||false|false\u00bb custom_padding=\u00bb20px|30px|20px|30px|true|true\u00bb global_colors_info=\u00bb{}\u00bb][\/et_pb_blurb][et_pb_blurb title=\u00bbPatrimonio\u00bb url=\u00bb@ET-DC@eyJkeW5hbWljIjp0cnVlLCJjb250ZW50IjoicG9zdF9saW5rX3VybF9wYWdlIiwic2V0dGluZ3MiOnsicG9zdF9pZCI6IjUyIn19@\u00bb use_icon=\u00bbon\u00bb font_icon=\u00bb&#xf66f;||fa||900&#8243; icon_color=\u00bb#FFFFFF\u00bb icon_placement=\u00bbleft\u00bb image_icon_width=\u00bb170%\u00bb _builder_version=\u00bb4.22.1&#8243; _dynamic_attributes=\u00bburl\u00bb _module_preset=\u00bbdefault\u00bb body_font=\u00bb|300|||||||\u00bb background_color=\u00bb#1C5BA2&#8243; image_icon_custom_margin=\u00bb||||false|false\u00bb image_icon_custom_padding=\u00bb5px||||false|false\u00bb background_layout=\u00bbdark\u00bb custom_margin=\u00bb||10px||false|false\u00bb custom_padding=\u00bb20px|30px|20px|30px|true|true\u00bb global_colors_info=\u00bb{}\u00bb][\/et_pb_blurb][et_pb_blurb title=\u00bbCentenario\u00bb url=\u00bb@ET-DC@eyJkeW5hbWljIjp0cnVlLCJjb250ZW50IjoicG9zdF9saW5rX3VybF9wYWdlIiwic2V0dGluZ3MiOnsicG9zdF9pZCI6IjU0In19@\u00bb use_icon=\u00bbon\u00bb font_icon=\u00bb&#xf1fd;||fa||900&#8243; icon_color=\u00bb#FFFFFF\u00bb icon_placement=\u00bbleft\u00bb image_icon_width=\u00bb170%\u00bb _builder_version=\u00bb4.22.1&#8243; _dynamic_attributes=\u00bburl\u00bb _module_preset=\u00bbdefault\u00bb body_font=\u00bb|300|||||||\u00bb background_color=\u00bb#1C5BA2&#8243; image_icon_custom_margin=\u00bb||||false|false\u00bb image_icon_custom_padding=\u00bb5px||||false|false\u00bb background_layout=\u00bbdark\u00bb custom_margin=\u00bb||10px||false|false\u00bb custom_padding=\u00bb20px|30px|20px|30px|true|true\u00bb global_colors_info=\u00bb{}\u00bb][\/et_pb_blurb][et_pb_blurb title=\u00bbEstatutos\u00bb url=\u00bb@ET-DC@eyJkeW5hbWljIjp0cnVlLCJjb250ZW50IjoicG9zdF9saW5rX3VybF9wYWdlIiwic2V0dGluZ3MiOnsicG9zdF9pZCI6IjU2In19@\u00bb use_icon=\u00bbon\u00bb font_icon=\u00bb&#xf0ca;||fa||900&#8243; icon_color=\u00bb#FFFFFF\u00bb icon_placement=\u00bbleft\u00bb image_icon_width=\u00bb170%\u00bb _builder_version=\u00bb4.22.1&#8243; _dynamic_attributes=\u00bburl\u00bb _module_preset=\u00bbdefault\u00bb body_font=\u00bb|300|||||||\u00bb background_color=\u00bb#1C5BA2&#8243; image_icon_custom_margin=\u00bb||||false|false\u00bb image_icon_custom_padding=\u00bb5px||||false|false\u00bb background_layout=\u00bbdark\u00bb custom_margin=\u00bb||10px||false|false\u00bb custom_padding=\u00bb20px|30px|20px|30px|true|true\u00bb global_colors_info=\u00bb{}\u00bb][\/et_pb_blurb][et_pb_blurb title=\u00bbJunta directiva\u00bb url=\u00bb@ET-DC@eyJkeW5hbWljIjp0cnVlLCJjb250ZW50IjoicG9zdF9saW5rX3VybF9wYWdlIiwic2V0dGluZ3MiOnsicG9zdF9pZCI6IjU5In19@\u00bb use_icon=\u00bbon\u00bb font_icon=\u00bb&#xf0c0;||fa||900&#8243; icon_color=\u00bb#FFFFFF\u00bb icon_placement=\u00bbleft\u00bb image_icon_width=\u00bb170%\u00bb _builder_version=\u00bb4.22.1&#8243; _dynamic_attributes=\u00bburl\u00bb _module_preset=\u00bbdefault\u00bb body_font=\u00bb|300|||||||\u00bb background_color=\u00bb#1C5BA2&#8243; image_icon_custom_margin=\u00bb||||false|false\u00bb image_icon_custom_padding=\u00bb5px||||false|false\u00bb background_layout=\u00bbdark\u00bb custom_margin=\u00bb||10px||false|false\u00bb custom_padding=\u00bb20px|30px|20px|30px|true|true\u00bb global_colors_info=\u00bb{}\u00bb][\/et_pb_blurb][\/et_pb_column][\/et_pb_row][\/et_pb_section]<\/p>","protected":false},"excerpt":{"rendered":"<p>La Asociaci\u00f3n de la Prensa de La Coru\u00f1a es una entidad sin \u00e1nimo de lucro que mantiene vigentes, pero actualizados, los principios que inspiraron su creaci\u00f3n el 5 de diciembre de 1904. Es una de las m\u00e1s antiguas del Estado espa\u00f1ol y propici\u00f3 la creaci\u00f3n de la Federaci\u00f3n de Asociaciones de Periodistas de Espa\u00f1a (FAPE), [&hellip;]<\/p>","protected":false},"author":1,"featured_media":0,"parent":0,"menu_order":0,"comment_status":"closed","ping_status":"closed","template":"","meta":{"_et_pb_use_builder":"on","_et_pb_old_content":"","_et_gb_content_width":"","footnotes":""},"class_list":["post-75","page","type-page","status-publish","hentry"],"_links":{"self":[{"href":"https:\/\/apcoruna.com\/en\/wp-json\/wp\/v2\/pages\/75","targetHints":{"allow":["GET"]}}],"collection":[{"href":"https:\/\/apcoruna.com\/en\/wp-json\/wp\/v2\/pages"}],"about":[{"href":"https:\/\/apcoruna.com\/en\/wp-json\/wp\/v2\/types\/page"}],"author":[{"embeddable":true,"href":"https:\/\/apcoruna.com\/en\/wp-json\/wp\/v2\/users\/1"}],"replies":[{"embeddable":true,"href":"https:\/\/apcoruna.com\/en\/wp-json\/wp\/v2\/comments?post=75"}],"version-history":[{"count":6,"href":"https:\/\/apcoruna.com\/en\/wp-json\/wp\/v2\/pages\/75\/revisions"}],"predecessor-version":[{"id":269,"href":"https:\/\/apcoruna.com\/en\/wp-json\/wp\/v2\/pages\/75\/revisions\/269"}],"wp:attachment":[{"href":"https:\/\/apcoruna.com\/en\/wp-json\/wp\/v2\/media?parent=75"}],"curies":[{"name":"wp","href":"https:\/\/api.w.org\/{rel}","templated":true}]}}